{"id":115,"date":"2023-10-14T07:52:16","date_gmt":"2023-10-14T07:52:16","guid":{"rendered":"https:\/\/wp.brondbyhavn.dk\/?page_id=115"},"modified":"2026-03-07T14:55:14","modified_gmt":"2026-03-07T14:55:14","slug":"bestyrelsen","status":"publish","type":"page","link":"https:\/\/wp2.brondbyhavn.dk\/?page_id=115","title":{"rendered":"Bestyrelsen"},"content":{"rendered":"\t\t<div data-elementor-type=\"wp-page\" data-elementor-id=\"115\" class=\"elementor elementor-115\">\n\t\t\t\t<div class=\"elementor-element elementor-element-1b7db2e e-flex e-con-boxed e-con e-parent\" data-id=\"1b7db2e\" data-element_type=\"container\">\n\t\t\t\t\t<div class=\"e-con-inner\">\n\t\t\t\t<div class=\"elementor-element elementor-element-c1b5b1e elementor-widget elementor-widget-heading\" data-id=\"c1b5b1e\" data-element_type=\"widget\" data-widget_type=\"heading.default\">\n\t\t\t\t\t<h2 class=\"elementor-heading-title elementor-size-default\">Bestyrelsen<\/h2>\t\t\t\t<\/div>\n\t\t\t\t\t<\/div>\n\t\t\t\t<\/div>\n\t\t<div class=\"elementor-element elementor-element-7520eea3 e-flex e-con-boxed e-con e-parent\" data-id=\"7520eea3\" data-element_type=\"container\">\n\t\t\t\t\t<div class=\"e-con-inner\">\n\t\t\t\t<div class=\"elementor-element elementor-element-5bc8e49b elementor-widget elementor-widget-text-editor\" data-id=\"5bc8e49b\" data-element_type=\"widget\" data-widget_type=\"text-editor.default\">\n\t\t\t\t\t\t\t\t\t<p><\/p>\n<div class=\"wp-block-columns alignwide is-layout-flex wp-container-core-columns-is-layout-28f84493 wp-block-columns-is-layout-flex\">\n<p><\/p>\n<div class=\"wp-block-column is-layout-flow wp-block-column-is-layout-flow\" style=\"flex-basis: 66.66%;\">\n<p><\/p>\n<p>Kontakt til bestyrelsen:\u00a0<a href=\"https:\/\/brondbyhavn.dk\/images\/PDF\/kontakt_til_bestyrelsen.pdf\" target=\"_blank\" rel=\"noreferrer noopener\">Klik her<\/a><\/p>\n<p><\/p>\n<p><\/p>\n<figure class=\"wp-block-table\">\n<table>\n<tbody>\n<tr>\n<td>\u00a0<img decoding=\"async\" src=\"https:\/\/brondbyhavn.dk\/images\/Bestyrelsen\/Geert_w.jpg\" alt=\"Geert\" width=\"150\" height=\"204\" \/><\/td>\n<td>\u00a0<img decoding=\"async\" src=\"https:\/\/brondbyhavn.dk\/images\/Bestyrelsen\/Flemming_w.jpg\" alt=\"Flemming1\" width=\"176\" height=\"217\" \/><\/td>\n<\/tr>\n<tr>\n<td>Formand<br \/>Geert Schou Magnussen<\/td>\n<td>N\u00e6stformand\u00a0<br \/>Flemming Madsen<\/td>\n<\/tr>\n<tr>\n<td>\u00a0<img decoding=\"async\" src=\"https:\/\/brondbyhavn.dk\/images\/Bestyrelsen\/Kurt.jpg\" alt=\"Kurt\" width=\"140\" height=\"171\" \/><\/td>\n<td>\u00a0<img loading=\"lazy\" decoding=\"async\" src=\"https:\/\/brondbyhavn.dk\/images\/Bestyrelsen\/Billede_Kasper.jpg\" alt=\"Billede Kasper\" width=\"207\" height=\"263\" \/><\/td>\n<\/tr>\n<tr>\n<td>Kasserer<br \/>Kurt S\u00f8rensen<\/td>\n<td>Bestyrelsesmedlem<br \/>Kasper Dam<br \/>\u00a0<\/td>\n<\/tr>\n<tr>\n<td>\u00a0<img loading=\"lazy\" decoding=\"async\" src=\"https:\/\/brondbyhavn.dk\/images\/Bestyrelsen\/Flemming.JPG\" alt=\"Flemming\" width=\"151\" height=\"219\" \/><\/td>\n<td>\u00a0<img decoding=\"async\" src=\"https:\/\/brondbyhavn.dk\/images\/Bestyrelsen\/palle1.jpg\" alt=\"palle1\" \/><\/td>\n<\/tr>\n<tr>\n<td>Bestyrelsesmedlem<br \/>Flemming Nielsen<\/td>\n<td>Bestyrelsesmedlem<br \/>Palle Lauritsen<\/td>\n<\/tr>\n<tr>\n<td><img loading=\"lazy\" decoding=\"async\" src=\"https:\/\/brondbyhavn.dk\/images\/Bestyrelsen\/peter.jpg\" alt=\"peter\" width=\"184\" height=\"218\" \/><\/td>\n<td>\u00a0<img loading=\"lazy\" decoding=\"async\" src=\"https:\/\/brondbyhavn.dk\/images\/Bestyrelsen\/tom1a.jpg\" alt=\"Tom\" width=\"170\" height=\"197\" \/><\/td>\n<\/tr>\n<tr>\n<td>Bestyrelsesmedlem<br \/>Peter Christophersen<\/td>\n<td>Kommunerepr\u00e6sentant<br \/>Tom Bech Frederiksen<br \/><br \/><\/td>\n<\/tr>\n<tr>\n<td>\u00a0<img loading=\"lazy\" decoding=\"async\" src=\"https:\/\/brondbyhavn.dk\/images\/Bestyrelsen\/Sahid_w.jpg\" alt=\"Sahid w\" width=\"150\" height=\"206\" \/><\/td>\n<td>\u00a0<img loading=\"lazy\" decoding=\"async\" src=\"https:\/\/brondbyhavn.dk\/images\/Bestyrelsen\/Michael_w.jpg\" alt=\"Michael\" width=\"150\" height=\"204\" \/><\/td>\n<\/tr>\n<tr>\n<td>Bestyrelsemedlem<br \/>Zahid Butt<\/td>\n<td>Bestyrelsemedlem<br \/>Michael Birch<\/td>\n<\/tr>\n<tr>\n<td>\u00a0<img loading=\"lazy\" decoding=\"async\" src=\"https:\/\/brondbyhavn.dk\/images\/tomt1.jpg\" alt=\"tomt1\" width=\"184\" height=\"218\" \/><\/td>\n<td>\u00a0<\/td>\n<\/tr>\n<\/tbody>\n<\/table>\n<\/figure>\n<p><\/p>\n<\/div>\n<p><\/p>\n<p><\/p>\n<div class=\"wp-block-column is-vertically-aligned-top is-layout-flow wp-block-column-is-layout-flow\" style=\"flex-basis: 33.33%;\">\n<p><\/p>\n<p><\/p>\n<p><\/p>\n<h4><span style=\"color: var( --e-global-color-5ccf7b1 ); font-family: 'Plus Jakarta Sans', sans-serif; font-size: 1.84615rem; font-style: inherit; font-weight: 600; text-align: var(--text-align); background-color: var(--ast-global-color-5);\">Referat fra sidste bestyrelsem\u00f8de<\/span><\/h4>\n<p><span style=\"color: var( --e-global-color-5ccf7b1 ); font-family: 'Plus Jakarta Sans', sans-serif; font-size: 1.84615rem; font-style: inherit; font-weight: 600; text-align: var(--text-align); background-color: var(--ast-global-color-5);\">\u00a0<\/span><\/p>\n<p><span style=\"color: var( --e-global-color-5ccf7b1 ); font-family: 'Plus Jakarta Sans', sans-serif; font-size: 1.84615rem; font-style: inherit; font-weight: 600; text-align: var(--text-align); background-color: var(--ast-global-color-5);\">Meddelelser fra bestyrelsen<\/span><\/p>\n<p><\/p>\n<p><\/p>\n<h6 class=\"wp-block-heading\">Sidste bestyrelses referat\u00a0<\/h6>\n<h6><span style=\"background-color: var(--ast-global-color-5); color: var( --e-global-color-5ccf7b1 ); font-size: 1.84615rem; font-style: inherit; text-align: var(--text-align);\">\u00a0<\/span><\/h6>\n<h6><span style=\"background-color: var(--ast-global-color-5); color: var( --e-global-color-5ccf7b1 ); font-size: 1.84615rem; font-style: inherit; text-align: var(--text-align);\">\u00c6ndring i bestyrelsen<\/span><\/h6>\n<p><\/p>\n<p><\/p>\n<p>12.10.2023<br \/>K\u00e6re havnemedlemmer<\/p>\n<p><\/p>\n<p><\/p>\n<p>Ved sidste bestyrelsesm\u00f8de tr\u00e5dte vores formand Flemming Madsen tilbage pga. et stort arbejdspres p\u00e5 hans daglige arbejde.<br \/>Flemming har indvilliget i at blive i bestyrelsen, som menigt bestyrelsesmedlem med varetagelse af n\u00e6stformandens opgaver indtil n\u00e6ste generalforsamling.<br \/>N\u00e6stformand Geert Magnussen er indtr\u00e5dt som formand indtil n\u00e6ste generalforsamling.<br \/>En enig bestyrelse bakker op om denne beslutning. Vi har vendt denne l\u00f8sning med juristerne i Br\u00f8ndby Kommune og vores egen advokat, som har godkendt rokaden inden vi nu kunne melde det ud til jer.<\/p>\n<p><\/p>\n<p><\/p>\n<p>Det er beklageligt, at billeder af bestyrelsen fejlagtigt er lagt p\u00e5 hjemmesiden f\u00f8r denne meddelelse og har v\u00e6ret med til at skabe forvirring blandt medlemmerne.<\/p>\n<p><\/p>\n<p><\/p>\n<p>Med venlig hilsen<br \/>S\/I Br\u00f8ndby Havn<br \/>Bestyrelsen<\/p>\n<p><\/p>\n<p><\/p>\n<p>Geert Magnussen<br \/>Formand<\/p>\n<p><\/p>\n<p><\/p>\n<h3 class=\"wp-block-heading\">Bestyrelsesm\u00f8der<\/h3>\n<p><\/p>\n<p><\/p>\n<p>Referat fra bestyrelsesm\u00f8de\u00a0den\u00a0<a href=\"https:\/\/brondbyhavn.dk\/images\/PDF\/Referater\/bestyrelsesmoeder\/y2k19\/23.09.11_Godkendt_til_Havnereferat.pdf\" target=\"_blank\" rel=\"noreferrer noopener\">11.09.2023<\/a>\u00a0<\/p>\n<p><\/p>\n<p><\/p>\n<h3 class=\"wp-block-heading\">Generalforsamling er afholdt 19.april<\/h3>\n<p><\/p>\n<p><\/p>\n<p><a href=\"https:\/\/brondbyhavn.dk\/images\/PDF\/Referater\/Generalforsamling\/GF_2023\/Godkendt_referat_ordin%C3%A6r_generalforsamlingsreferat_19.04.23.pdf\" target=\"_blank\" rel=\"noreferrer noopener\">Referat fra generalforsamling 19.april 2023<br \/><\/a><a href=\"https:\/\/brondbyhavn.dk\/images\/PDF\/Referater\/Generalforsamling\/GF_2023\/Forslag_til_Havnetakster_og_budget_2024w.pdf\">Forslag til Havnetakster og budget 2024<br \/><\/a><a href=\"https:\/\/brondbyhavn.dk\/images\/PDF\/Referater\/Generalforsamling\/GF_2023\/%C3%85rsregnskab_for_2022.pdf\">\u00c5rsregnskab 2022<\/a><\/p>\n<p><\/p>\n<p><\/p>\n<h3 class=\"wp-block-heading\">Klage over ulovlig beboelse<\/h3>\n<p><\/p>\n<p><\/p>\n<p>Br\u00f8ndby kommune har modtaget en klage over ulovlig beboelse i Br\u00f8ndby Havn.<br \/>Br\u00f8ndby kommune har forlangt en udtalelse fra bestyrelsen og et m\u00f8de om b.la. den ulovlige beboelse.<br \/>Vi har vedh\u00e6ftet klagen tilsendt Br\u00f8ndby kommune og indsk\u00e6rper at det ikke er tilladt at bo i sin b\u00e5d uden gyldig beboertilladelse<\/p>\n<p><\/p>\n<p><\/p>\n<p><a href=\"https:\/\/brondbyhavn.dk\/images\/PDF\/Referater\/bestyrelsesmoeder\/y2k19\/Klage_over_havnebrugere_som_benytter_deres_b%C3%A5d_som_hel%C3%A5rsbeboelse.pdf\" target=\"_blank\" rel=\"noreferrer noopener\">Klage til Br\u00f8ndby kommune<\/a><\/p>\n<p><\/p>\n<p><\/p>\n<h3 class=\"wp-block-heading\">Orientering til havnebrugere<\/h3>\n<p><\/p>\n<p><\/p>\n<p>Januar 2023\u00a0\u00a0<a href=\"https:\/\/brondbyhavn.dk\/images\/PDF\/skrivelser\/A%CC%8Abent_brev_til_Havnebrugere.pdf\" target=\"_blank\" rel=\"noreferrer noopener\">\u00c5bent brev til havnebrugere<\/a><\/p>\n<p><\/p>\n<\/div>\n<p><\/p>\n<\/div>\n<p><\/p>\t\t\t\t\t\t\t\t<\/div>\n\t\t\t\t\t<\/div>\n\t\t\t\t<\/div>\n\t\t\t\t<\/div>\n\t\t","protected":false},"excerpt":{"rendered":"<p>Bestyrelsen Kontakt til bestyrelsen:\u00a0Klik her \u00a0 \u00a0 FormandGeert Schou Magnussen N\u00e6stformand\u00a0Flemming Madsen \u00a0 \u00a0 KassererKurt S\u00f8rensen BestyrelsesmedlemKasper Dam\u00a0 \u00a0 \u00a0 [&hellip;]<\/p>\n","protected":false},"author":2,"featured_media":0,"parent":0,"menu_order":0,"comment_status":"closed","ping_status":"closed","template":"","meta":{"site-sidebar-layout":"default","site-content-layout":"","ast-site-content-layout":"default","site-content-style":"default","site-sidebar-style":"default","ast-global-header-display":"","ast-banner-title-visibility":"","ast-main-header-display":"","ast-hfb-above-header-display":"","ast-hfb-below-header-display":"","ast-hfb-mobile-header-display":"","site-post-title":"","ast-breadcrumbs-content":"","ast-featured-img":"","footer-sml-layout":"","ast-disable-related-posts":"","theme-transparent-header-meta":"","adv-header-id-meta":"","stick-header-meta":"","header-above-stick-meta":"","header-main-stick-meta":"","header-below-stick-meta":"","astra-migrate-meta-layouts":"default","ast-page-background-enabled":"default","ast-page-background-meta":{"desktop":{"background-color":"var(--ast-global-color-5)","background-image":"","background-repeat":"repeat","background-position":"center center","background-size":"auto","background-attachment":"scroll","background-type":"","background-media":"","overlay-type":"","overlay-color":"","overlay-opacity":"","overlay-gradient":""},"tablet":{"background-color":"","background-image":"","background-repeat":"repeat","background-position":"center center","background-size":"auto","background-attachment":"scroll","background-type":"","background-media":"","overlay-type":"","overlay-color":"","overlay-opacity":"","overlay-gradient":""},"mobile":{"background-color":"","background-image":"","background-repeat":"repeat","background-position":"center center","background-size":"auto","background-attachment":"scroll","background-type":"","background-media":"","overlay-type":"","overlay-color":"","overlay-opacity":"","overlay-gradient":""}},"ast-content-background-meta":{"desktop":{"background-color":"var(--ast-global-color-4)","background-image":"","background-repeat":"repeat","background-position":"center center","background-size":"auto","background-attachment":"scroll","background-type":"","background-media":"","overlay-type":"","overlay-color":"","overlay-opacity":"","overlay-gradient":""},"tablet":{"background-color":"var(--ast-global-color-4)","background-image":"","background-repeat":"repeat","background-position":"center center","background-size":"auto","background-attachment":"scroll","background-type":"","background-media":"","overlay-type":"","overlay-color":"","overlay-opacity":"","overlay-gradient":""},"mobile":{"background-color":"var(--ast-global-color-4)","background-image":"","background-repeat":"repeat","background-position":"center center","background-size":"auto","background-attachment":"scroll","background-type":"","background-media":"","overlay-type":"","overlay-color":"","overlay-opacity":"","overlay-gradient":""}},"footnotes":""},"class_list":["post-115","page","type-page","status-publish","hentry"],"_links":{"self":[{"href":"https:\/\/wp2.brondbyhavn.dk\/index.php?rest_route=\/wp\/v2\/pages\/115","targetHints":{"allow":["GET"]}}],"collection":[{"href":"https:\/\/wp2.brondbyhavn.dk\/index.php?rest_route=\/wp\/v2\/pages"}],"about":[{"href":"https:\/\/wp2.brondbyhavn.dk\/index.php?rest_route=\/wp\/v2\/types\/page"}],"author":[{"embeddable":true,"href":"https:\/\/wp2.brondbyhavn.dk\/index.php?rest_route=\/wp\/v2\/users\/2"}],"replies":[{"embeddable":true,"href":"https:\/\/wp2.brondbyhavn.dk\/index.php?rest_route=%2Fwp%2Fv2%2Fcomments&post=115"}],"version-history":[{"count":3,"href":"https:\/\/wp2.brondbyhavn.dk\/index.php?rest_route=\/wp\/v2\/pages\/115\/revisions"}],"predecessor-version":[{"id":934,"href":"https:\/\/wp2.brondbyhavn.dk\/index.php?rest_route=\/wp\/v2\/pages\/115\/revisions\/934"}],"wp:attachment":[{"href":"https:\/\/wp2.brondbyhavn.dk\/index.php?rest_route=%2Fwp%2Fv2%2Fmedia&parent=115"}],"curies":[{"name":"wp","href":"https:\/\/api.w.org\/{rel}","templated":true}]}}