{"id":134,"date":"2023-10-14T08:01:09","date_gmt":"2023-10-14T08:01:09","guid":{"rendered":"https:\/\/wp.brondbyhavn.dk\/?page_id=134"},"modified":"2026-03-07T14:48:26","modified_gmt":"2026-03-07T14:48:26","slug":"oversigtskort","status":"publish","type":"page","link":"https:\/\/wp2.brondbyhavn.dk\/?page_id=134","title":{"rendered":"Oversigtskort"},"content":{"rendered":"\t\t<div data-elementor-type=\"wp-page\" data-elementor-id=\"134\" class=\"elementor elementor-134\">\n\t\t\t\t<div class=\"elementor-element elementor-element-f551eb8 e-flex e-con-boxed e-con e-parent\" data-id=\"f551eb8\" data-element_type=\"container\">\n\t\t\t\t\t<div class=\"e-con-inner\">\n\t\t\t\t<div class=\"elementor-element elementor-element-26f1da6 elementor-widget elementor-widget-heading\" data-id=\"26f1da6\" data-element_type=\"widget\" data-widget_type=\"heading.default\">\n\t\t\t\t\t<h2 class=\"elementor-heading-title elementor-size-default\">Oversigtskort<\/h2>\t\t\t\t<\/div>\n\t\t\t\t\t<\/div>\n\t\t\t\t<\/div>\n\t\t<div class=\"elementor-element elementor-element-d235169 e-flex e-con-boxed e-con e-parent\" data-id=\"d235169\" data-element_type=\"container\">\n\t\t\t\t\t<div class=\"e-con-inner\">\n\t\t<div class=\"elementor-element elementor-element-1c66b0 e-con-full e-flex e-con e-child\" data-id=\"1c66b0\" data-element_type=\"container\">\n\t\t\t\t<div class=\"elementor-element elementor-element-65f672c6 elementor-widget elementor-widget-image\" data-id=\"65f672c6\" data-element_type=\"widget\" data-widget_type=\"image.default\">\n\t\t\t\t\t\t\t\t\t\t\t\t\t\t\t<img decoding=\"async\" src=\"https:\/\/wp.brondbyhavn.dk\/wp-content\/uploads\/2023\/10\/havn_oversigt2021-1.jpg\" title=\"\" alt=\"\" loading=\"lazy\" \/>\t\t\t\t\t\t\t\t\t\t\t\t\t\t\t<\/div>\n\t\t\t\t<\/div>\n\t\t<div class=\"elementor-element elementor-element-5f5e4c64 e-con-full e-flex e-con e-child\" data-id=\"5f5e4c64\" data-element_type=\"container\">\n\t\t\t\t<div class=\"elementor-element elementor-element-17488035 elementor-widget elementor-widget-text-editor\" data-id=\"17488035\" data-element_type=\"widget\" data-widget_type=\"text-editor.default\">\n\t\t\t\t\t\t\t\t\t<h4>Facilitet<\/h4>\n<p>1. Havne kontor<\/p>\n<p>2. Toilet<\/p>\n<p>3. Milj\u00f8station<\/p>\n<p>4. Mastekran<\/p>\n<p>5 Mastestativer<\/p>\n<p>6. Sl\u00e6bested<\/p>\n<p>7. Br\u00e6ndstof<\/p>\n<p>8. Kran&nbsp;<\/p>\n<p>9. BSS klubhus<\/p>\n<p>10. M\u00f8ntvask<\/p>\n<p>11.&nbsp;<span style=\"font-style: inherit; font-weight: inherit; text-align: var(--text-align); background-color: var(--ast-global-color-5); color: var(--ast-global-color-8);\">Grillplads<\/span><\/p>\n<p><span style=\"font-style: inherit; font-weight: inherit; text-align: var(--text-align); background-color: var(--ast-global-color-5); color: var(--ast-global-color-8);\">12. Hjertestarter<\/span><\/p>\n<p><span style=\"font-style: inherit; font-weight: inherit; text-align: var(--text-align); background-color: var(--ast-global-color-5); color: var(--ast-global-color-8);\">13. Havm\u00e5gen<\/span><\/p>\n<p><span style=\"font-style: inherit; font-weight: inherit; text-align: var(--text-align); background-color: var(--ast-global-color-5); color: var(--ast-global-color-8);\">14. Vinterbad<\/span><\/p>\n<p><span style=\"font-style: inherit; font-weight: inherit; text-align: var(--text-align); background-color: var(--ast-global-color-5); color: var(--ast-global-color-8);\"><br><\/span><\/p>\n<p><span style=\"font-style: inherit; font-weight: inherit; text-align: var(--text-align); background-color: var(--ast-global-color-5); color: var(--ast-global-color-8);\"><br><\/span><\/p>\n<h5>Spisesteder:<\/h5>\n<p>Havkatten<\/p>\n<p>Albatrossen<\/p>\n<p><br><\/p>\n<h5>Klubber og Erhverv<\/h5>\n<p>BSS Klubhus<\/p>\n<p>Fritidsfiskerne<\/p>\n<p>Dykkerklubben<\/p>\n<p>Roklub<\/p>\n<p>B\u00e5d forhandler&nbsp;<\/p><p>Watergames<\/p>\n<p>Skiberiet<\/p>\n<p>Marinehjemmev\u00e6rnet<\/p>\t\t\t\t\t\t\t\t<\/div>\n\t\t\t\t<\/div>\n\t\t\t\t\t<\/div>\n\t\t\t\t<\/div>\n\t\t\t\t<\/div>\n\t\t","protected":false},"excerpt":{"rendered":"<p>Oversigtskort Facilitet 1. Havne kontor 2. Toilet 3. Milj\u00f8station 4. Mastekran 5 Mastestativer 6. Sl\u00e6bested 7. Br\u00e6ndstof 8. Kran&nbsp; 9. [&hellip;]<\/p>\n","protected":false},"author":2,"featured_media":0,"parent":0,"menu_order":0,"comment_status":"closed","ping_status":"closed","template":"","meta":{"site-sidebar-layout":"no-sidebar","site-content-layout":"","ast-site-content-layout":"full-width-container","site-content-style":"default","site-sidebar-style":"default","ast-global-header-display":"","ast-banner-title-visibility":"","ast-main-header-display":"","ast-hfb-above-header-display":"","ast-hfb-below-header-display":"","ast-hfb-mobile-header-display":"","site-post-title":"disabled","ast-breadcrumbs-content":"","ast-featured-img":"disabled","footer-sml-layout":"","ast-disable-related-posts":"","theme-transparent-header-meta":"","adv-header-id-meta":"","stick-header-meta":"","header-above-stick-meta":"","header-main-stick-meta":"","header-below-stick-meta":"","astra-migrate-meta-layouts":"default","ast-page-background-enabled":"default","ast-page-background-meta":{"desktop":{"background-color":"var(--ast-global-color-5)","background-image":"","background-repeat":"repeat","background-position":"center center","background-size":"auto","background-attachment":"scroll","background-type":"","background-media":"","overlay-type":"","overlay-color":"","overlay-opacity":"","overlay-gradient":""},"tablet":{"background-color":"","background-image":"","background-repeat":"repeat","background-position":"center center","background-size":"auto","background-attachment":"scroll","background-type":"","background-media":"","overlay-type":"","overlay-color":"","overlay-opacity":"","overlay-gradient":""},"mobile":{"background-color":"","background-image":"","background-repeat":"repeat","background-position":"center center","background-size":"auto","background-attachment":"scroll","background-type":"","background-media":"","overlay-type":"","overlay-color":"","overlay-opacity":"","overlay-gradient":""}},"ast-content-background-meta":{"desktop":{"background-color":"var(--ast-global-color-4)","background-image":"","background-repeat":"repeat","background-position":"center center","background-size":"auto","background-attachment":"scroll","background-type":"","background-media":"","overlay-type":"","overlay-color":"","overlay-opacity":"","overlay-gradient":""},"tablet":{"background-color":"var(--ast-global-color-4)","background-image":"","background-repeat":"repeat","background-position":"center center","background-size":"auto","background-attachment":"scroll","background-type":"","background-media":"","overlay-type":"","overlay-color":"","overlay-opacity":"","overlay-gradient":""},"mobile":{"background-color":"var(--ast-global-color-4)","background-image":"","background-repeat":"repeat","background-position":"center center","background-size":"auto","background-attachment":"scroll","background-type":"","background-media":"","overlay-type":"","overlay-color":"","overlay-opacity":"","overlay-gradient":""}},"footnotes":""},"class_list":["post-134","page","type-page","status-publish","hentry"],"_links":{"self":[{"href":"https:\/\/wp2.brondbyhavn.dk\/index.php?rest_route=\/wp\/v2\/pages\/134","targetHints":{"allow":["GET"]}}],"collection":[{"href":"https:\/\/wp2.brondbyhavn.dk\/index.php?rest_route=\/wp\/v2\/pages"}],"about":[{"href":"https:\/\/wp2.brondbyhavn.dk\/index.php?rest_route=\/wp\/v2\/types\/page"}],"author":[{"embeddable":true,"href":"https:\/\/wp2.brondbyhavn.dk\/index.php?rest_route=\/wp\/v2\/users\/2"}],"replies":[{"embeddable":true,"href":"https:\/\/wp2.brondbyhavn.dk\/index.php?rest_route=%2Fwp%2Fv2%2Fcomments&post=134"}],"version-history":[{"count":3,"href":"https:\/\/wp2.brondbyhavn.dk\/index.php?rest_route=\/wp\/v2\/pages\/134\/revisions"}],"predecessor-version":[{"id":930,"href":"https:\/\/wp2.brondbyhavn.dk\/index.php?rest_route=\/wp\/v2\/pages\/134\/revisions\/930"}],"wp:attachment":[{"href":"https:\/\/wp2.brondbyhavn.dk\/index.php?rest_route=%2Fwp%2Fv2%2Fmedia&parent=134"}],"curies":[{"name":"wp","href":"https:\/\/api.w.org\/{rel}","templated":true}]}}