{"id":137,"date":"2023-10-14T08:01:34","date_gmt":"2023-10-14T08:01:34","guid":{"rendered":"https:\/\/wp.brondbyhavn.dk\/?page_id=137"},"modified":"2026-03-07T14:57:16","modified_gmt":"2026-03-07T14:57:16","slug":"faciliteter","status":"publish","type":"page","link":"https:\/\/wp2.brondbyhavn.dk\/?page_id=137","title":{"rendered":"Faciliteter"},"content":{"rendered":"\t\t<div data-elementor-type=\"wp-page\" data-elementor-id=\"137\" class=\"elementor elementor-137\">\n\t\t\t\t<div class=\"elementor-element elementor-element-604fa0b e-flex e-con-boxed e-con e-parent\" data-id=\"604fa0b\" data-element_type=\"container\">\n\t\t\t\t\t<div class=\"e-con-inner\">\n\t\t\t\t<div class=\"elementor-element elementor-element-13b15fc elementor-widget elementor-widget-heading\" data-id=\"13b15fc\" data-element_type=\"widget\" data-widget_type=\"heading.default\">\n\t\t\t\t\t<h2 class=\"elementor-heading-title elementor-size-default\">Faciliteter<\/h2>\t\t\t\t<\/div>\n\t\t\t\t\t<\/div>\n\t\t\t\t<\/div>\n\t\t<div class=\"elementor-element elementor-element-2a085a59 e-flex e-con-boxed e-con e-parent\" data-id=\"2a085a59\" data-element_type=\"container\">\n\t\t\t\t\t<div class=\"e-con-inner\">\n\t\t\t\t<div class=\"elementor-element elementor-element-5763ddd5 elementor-widget elementor-widget-text-editor\" data-id=\"5763ddd5\" data-element_type=\"widget\" data-widget_type=\"text-editor.default\">\n\t\t\t\t\t\t\t\t\t\n<div class=\"wp-block-group is-layout-constrained wp-block-group-is-layout-constrained\">\n<h3 class=\"wp-block-heading\">Hovedbygning<\/h3>\n\n<div class=\"wp-block-columns is-layout-flex wp-container-core-columns-is-layout-28f84493 wp-block-columns-is-layout-flex\">\n<div class=\"wp-block-column is-vertically-aligned-top is-layout-flow wp-block-column-is-layout-flow\" style=\"flex-basis: 100%;\">\n<figure class=\"wp-block-table alignfull\">\n<table>\n<tbody>\n<tr>\n<td>Indeholder kortautomat, toiletter og adgang til Albatrossen.<br \/>Derudover er det her man finder toilet og bad, m\u00f8delokale (Eventyrstuen) og klublokale (Skipperstuen), hvortil der skal bruges n\u00f8glekort.<br \/>Yderligere er der et handikaptoilet, som ikke kr\u00e6ver n\u00f8glekort.<br \/>Indgangsd\u00f8rene er \u00e5bne fra kl. 6.00 -23.00. Derudover kan de \u00e5bnes med havnens faste brugeres n\u00f8glekort.<\/td>\n<td><img decoding=\"async\" style=\"width: 400px;\" src=\"https:\/\/brondbyhavn.dk\/images\/Faciliteter\/klubhus_dec07-2ww.jpg\" alt=\"klubhus dec07-2ww\" \/><\/td>\n<\/tr>\n<\/tbody>\n<\/table>\n<\/figure>\n<\/div>\n<\/div>\n\n<h3 class=\"wp-block-heading\">Havm\u00e5gen<\/h3>\n\n<figure class=\"wp-block-table\">\n<table>\n<tbody>\n<tr>\n<td><img decoding=\"async\" src=\"https:\/\/brondbyhavn.dk\/images\/Faciliteter\/havmagen_3.jpg\" alt=\"havmagen 3\" \/><\/td>\n<td>Havm\u00e5gen kan benyttes af havnens faste brugere, samt af g\u00e6stesejlere.<br \/>Havm\u00e5gen er lukket i vinter halv\u00e5ret.<br \/>Der skal benyttes n\u00f8glekort for at f\u00e5 adgang.<br \/>Vil du l\u00e5ne Havm\u00e5gen ?<br \/>S\u00e5 husk\u00a0<a href=\"https:\/\/brondbyhavn.dk\/images\/skrivelser\/Havm%C3%A5gens_gyldne_regler.pdf\" target=\"_blank\" rel=\"noreferrer noopener\">Havm\u00e5gens gyldne regler<\/a><\/td>\n<\/tr>\n<tr>\n<td><img decoding=\"async\" style=\"width: 400px;\" src=\"https:\/\/brondbyhavn.dk\/images\/Faciliteter\/havmaagen.jpg\" alt=\"havmaagen\" \/><\/td>\n<td>I lokalet er der adgang til toilet (ikke bad), tek\u00f8kken og et mindre opholdsrum.\u00a0<br \/>Udenfor er der en Petanque bane.<br \/>Havm\u00e5gen anvendes i en vis udstr\u00e6kning til private fester, af havnens faste brugere.<\/td>\n<\/tr>\n<\/tbody>\n<\/table>\n<\/figure>\n\n<h3 class=\"wp-block-heading\">Hjertestarter<\/h3>\n\n<div class=\"wp-block-columns is-layout-flex wp-container-core-columns-is-layout-28f84493 wp-block-columns-is-layout-flex\">\n<div class=\"wp-block-column is-layout-flow wp-block-column-is-layout-flow\" style=\"flex-basis: 100%;\">\n<figure class=\"wp-block-table\">\n<table>\n<tbody>\n<tr>\n<td>Hjertestarter findes i forhallen.\u00a0 &#8211;\u00a0\u00a0 OBS efter kl 23 kr\u00e6ves n\u00f8glekort for adgang<br \/>\u00a0<img decoding=\"async\" style=\"width: 300px;\" src=\"https:\/\/brondbyhavn.dk\/images\/PDF\/Havnepladser\/Hjertestarter.JPG\" alt=\"Hjertestarter\" \/><\/td>\n<td>Hjertestarter findes i forhallen.\u00a0 &#8211;\u00a0\u00a0 OBS efter kl 23 kr\u00e6ves n\u00f8glekort for adgang<\/td>\n<\/tr>\n<\/tbody>\n<\/table>\n<\/figure>\n<\/div>\n<\/div>\n<\/div>\n\t\t\t\t\t\t\t\t<\/div>\n\t\t\t\t\t<\/div>\n\t\t\t\t<\/div>\n\t\t<div class=\"elementor-element elementor-element-3eb73e9 e-flex e-con-boxed e-con e-parent\" data-id=\"3eb73e9\" data-element_type=\"container\">\n\t\t\t\t\t<div class=\"e-con-inner\">\n\t\t<div class=\"elementor-element elementor-element-25145b5 e-con-full e-flex e-con e-child\" data-id=\"25145b5\" data-element_type=\"container\">\n\t\t\t\t<div class=\"elementor-element elementor-element-c883d22 elementor-widget elementor-widget-text-editor\" data-id=\"c883d22\" data-element_type=\"widget\" data-widget_type=\"text-editor.default\">\n\t\t\t\t\t\t\t\t\t<p>\u00a0<\/p>\n<h4>Facilitet, Tekst til venstre<\/h4>\n<p>dolor sit amet, consectetur adipiscing elit. Ut elit tellus, luctus nec ullamcorper mattis, pulvinar dapibus leo.F<\/p>\t\t\t\t\t\t\t\t<\/div>\n\t\t\t\t<\/div>\n\t\t<div class=\"elementor-element elementor-element-6ad93ae e-con-full e-flex e-con e-child\" data-id=\"6ad93ae\" data-element_type=\"container\">\n\t\t\t\t<div class=\"elementor-element elementor-element-1df263f elementor-widget elementor-widget-image\" data-id=\"1df263f\" data-element_type=\"widget\" data-widget_type=\"image.default\">\n\t\t\t\t\t\t\t\t\t\t\t\t\t\t\t<img decoding=\"async\" src=\"https:\/\/wp.brondbyhavn.dk\/wp-content\/uploads\/2023\/10\/147_4785.jpg\" title=\"\" alt=\"\" loading=\"lazy\" \/>\t\t\t\t\t\t\t\t\t\t\t\t\t\t\t<\/div>\n\t\t\t\t<\/div>\n\t\t\t\t\t<\/div>\n\t\t\t\t<\/div>\n\t\t<div class=\"elementor-element elementor-element-e405f27 e-flex e-con-boxed e-con e-parent\" data-id=\"e405f27\" data-element_type=\"container\">\n\t\t\t\t\t<div class=\"e-con-inner\">\n\t\t<div class=\"elementor-element elementor-element-773a130 e-con-full e-flex e-con e-child\" data-id=\"773a130\" data-element_type=\"container\">\n\t\t\t\t<div class=\"elementor-element elementor-element-897b898 elementor-widget elementor-widget-image\" data-id=\"897b898\" data-element_type=\"widget\" data-widget_type=\"image.default\">\n\t\t\t\t\t\t\t\t\t\t\t\t\t\t\t<img decoding=\"async\" src=\"https:\/\/wp.brondbyhavn.dk\/wp-content\/uploads\/2023\/10\/147_4717.jpg\" title=\"\" alt=\"\" loading=\"lazy\" \/>\t\t\t\t\t\t\t\t\t\t\t\t\t\t\t<\/div>\n\t\t\t\t<\/div>\n\t\t<div class=\"elementor-element elementor-element-3b6eb15 e-con-full e-flex e-con e-child\" data-id=\"3b6eb15\" data-element_type=\"container\">\n\t\t\t\t<div class=\"elementor-element elementor-element-b2e9f0d elementor-widget elementor-widget-text-editor\" data-id=\"b2e9f0d\" data-element_type=\"widget\" data-widget_type=\"text-editor.default\">\n\t\t\t\t\t\t\t\t\t<h4>Facilitet, Tekst til h\u00f8jre<\/h4>\n<p>Lorem ipsum dolor sit amet, consectetur adipiscing elit. Ut elit tellus, luctus nec ullamcorper mattis, pulvinar dapibus leo.<\/p>\t\t\t\t\t\t\t\t<\/div>\n\t\t\t\t<\/div>\n\t\t\t\t\t<\/div>\n\t\t\t\t<\/div>\n\t\t\t\t<\/div>\n\t\t","protected":false},"excerpt":{"rendered":"<p>Faciliteter Hovedbygning Indeholder kortautomat, toiletter og adgang til Albatrossen.Derudover er det her man finder toilet og bad, m\u00f8delokale (Eventyrstuen) og [&hellip;]<\/p>\n","protected":false},"author":2,"featured_media":0,"parent":0,"menu_order":0,"comment_status":"closed","ping_status":"closed","template":"","meta":{"site-sidebar-layout":"default","site-content-layout":"","ast-site-content-layout":"default","site-content-style":"default","site-sidebar-style":"default","ast-global-header-display":"","ast-banner-title-visibility":"","ast-main-header-display":"","ast-hfb-above-header-display":"","ast-hfb-below-header-display":"","ast-hfb-mobile-header-display":"","site-post-title":"disabled","ast-breadcrumbs-content":"","ast-featured-img":"","footer-sml-layout":"","ast-disable-related-posts":"","theme-transparent-header-meta":"","adv-header-id-meta":"","stick-header-meta":"","header-above-stick-meta":"","header-main-stick-meta":"","header-below-stick-meta":"","astra-migrate-meta-layouts":"","ast-page-background-enabled":"default","ast-page-background-meta":{"desktop":{"background-color":"var(--ast-global-color-5)","background-image":"","background-repeat":"repeat","background-position":"center center","background-size":"auto","background-attachment":"scroll","background-type":"","background-media":"","overlay-type":"","overlay-color":"","overlay-opacity":"","overlay-gradient":""},"tablet":{"background-color":"","background-image":"","background-repeat":"repeat","background-position":"center center","background-size":"auto","background-attachment":"scroll","background-type":"","background-media":"","overlay-type":"","overlay-color":"","overlay-opacity":"","overlay-gradient":""},"mobile":{"background-color":"","background-image":"","background-repeat":"repeat","background-position":"center center","background-size":"auto","background-attachment":"scroll","background-type":"","background-media":"","overlay-type":"","overlay-color":"","overlay-opacity":"","overlay-gradient":""}},"ast-content-background-meta":{"desktop":{"background-color":"var(--ast-global-color-4)","background-image":"","background-repeat":"repeat","background-position":"center center","background-size":"auto","background-attachment":"scroll","background-type":"","background-media":"","overlay-type":"","overlay-color":"","overlay-opacity":"","overlay-gradient":""},"tablet":{"background-color":"var(--ast-global-color-4)","background-image":"","background-repeat":"repeat","background-position":"center center","background-size":"auto","background-attachment":"scroll","background-type":"","background-media":"","overlay-type":"","overlay-color":"","overlay-opacity":"","overlay-gradient":""},"mobile":{"background-color":"var(--ast-global-color-4)","background-image":"","background-repeat":"repeat","background-position":"center center","background-size":"auto","background-attachment":"scroll","background-type":"","background-media":"","overlay-type":"","overlay-color":"","overlay-opacity":"","overlay-gradient":""}},"footnotes":""},"class_list":["post-137","page","type-page","status-publish","hentry"],"_links":{"self":[{"href":"https:\/\/wp2.brondbyhavn.dk\/index.php?rest_route=\/wp\/v2\/pages\/137","targetHints":{"allow":["GET"]}}],"collection":[{"href":"https:\/\/wp2.brondbyhavn.dk\/index.php?rest_route=\/wp\/v2\/pages"}],"about":[{"href":"https:\/\/wp2.brondbyhavn.dk\/index.php?rest_route=\/wp\/v2\/types\/page"}],"author":[{"embeddable":true,"href":"https:\/\/wp2.brondbyhavn.dk\/index.php?rest_route=\/wp\/v2\/users\/2"}],"replies":[{"embeddable":true,"href":"https:\/\/wp2.brondbyhavn.dk\/index.php?rest_route=%2Fwp%2Fv2%2Fcomments&post=137"}],"version-history":[{"count":3,"href":"https:\/\/wp2.brondbyhavn.dk\/index.php?rest_route=\/wp\/v2\/pages\/137\/revisions"}],"predecessor-version":[{"id":937,"href":"https:\/\/wp2.brondbyhavn.dk\/index.php?rest_route=\/wp\/v2\/pages\/137\/revisions\/937"}],"wp:attachment":[{"href":"https:\/\/wp2.brondbyhavn.dk\/index.php?rest_route=%2Fwp%2Fv2%2Fmedia&parent=137"}],"curies":[{"name":"wp","href":"https:\/\/api.w.org\/{rel}","templated":true}]}}