{"id":486,"date":"2023-11-19T14:18:34","date_gmt":"2023-11-19T14:18:34","guid":{"rendered":"https:\/\/wp.brondbyhavn.dk\/?page_id=486"},"modified":"2026-03-07T14:47:20","modified_gmt":"2026-03-07T14:47:20","slug":"gaester","status":"publish","type":"page","link":"https:\/\/wp2.brondbyhavn.dk\/?page_id=486","title":{"rendered":"G\u00e6ster"},"content":{"rendered":"\t\t<div data-elementor-type=\"wp-page\" data-elementor-id=\"486\" class=\"elementor elementor-486\">\n\t\t\t\t<div class=\"elementor-element elementor-element-d2b563c e-flex e-con-boxed e-con e-parent\" data-id=\"d2b563c\" data-element_type=\"container\">\n\t\t\t\t\t<div class=\"e-con-inner\">\n\t\t\t\t<div class=\"elementor-element elementor-element-e60a4b5 elementor-widget elementor-widget-heading\" data-id=\"e60a4b5\" data-element_type=\"widget\" data-widget_type=\"heading.default\">\n\t\t\t\t\t<h2 class=\"elementor-heading-title elementor-size-default\">G\u00e6ster <\/h2>\t\t\t\t<\/div>\n\t\t\t\t\t<\/div>\n\t\t\t\t<\/div>\n\t\t<div class=\"elementor-element elementor-element-39ff2dfa e-flex e-con-boxed e-con e-parent\" data-id=\"39ff2dfa\" data-element_type=\"container\">\n\t\t\t\t\t<div class=\"e-con-inner\">\n\t\t<div class=\"elementor-element elementor-element-724ba345 e-con-full e-flex e-con e-child\" data-id=\"724ba345\" data-element_type=\"container\">\n\t\t\t\t<div class=\"elementor-element elementor-element-5544d30d elementor-widget elementor-widget-image\" data-id=\"5544d30d\" data-element_type=\"widget\" data-widget_type=\"image.default\">\n\t\t\t\t\t\t\t\t\t\t\t\t\t\t\t<img decoding=\"async\" src=\"https:\/\/wp.brondbyhavn.dk\/wp-content\/uploads\/2023\/11\/dybdekort2_.jpg\" title=\"\" alt=\"\" loading=\"lazy\" \/>\t\t\t\t\t\t\t\t\t\t\t\t\t\t\t<\/div>\n\t\t\t\t<\/div>\n\t\t<div class=\"elementor-element elementor-element-9702cd6 e-con-full e-flex e-con e-child\" data-id=\"9702cd6\" data-element_type=\"container\">\n\t\t\t\t<div class=\"elementor-element elementor-element-41aee4a4 elementor-widget elementor-widget-text-editor\" data-id=\"41aee4a4\" data-element_type=\"widget\" data-widget_type=\"text-editor.default\">\n\t\t\t\t\t\t\t\t\t<h4>Vanddybder<\/h4><p>Vanddybe op til ca. 3 meter.<br \/><span style=\"font-style: inherit; font-weight: inherit; text-align: var(--text-align); background-color: var(--ast-global-color-5); color: var(--ast-global-color-8);\">OBS. hold god afstand til stenmolerne. Tilsanding kan forekomme<\/span><\/p><h4>Fort\u00f8jring:<\/h4><p>Der kan fort\u00f8jres overalt hvor gr\u00f8nt skilt indikerer ledig plads.<\/p><p>\u00a0<\/p><h4>Pris:<\/h4><p>G\u00e6stepladsleje: kr. 130 pr. d\u00f8gn. eller kr. 2300,- pr m\u00e5ned forudbetalt.<\/p><h4>Frihavn:<\/h4><p>Br\u00f8ndby Havn er frihavn.<br \/>G\u00e6ster fra andre Frihavne betaler kun forbrug,\u00a0\u00a0<\/p>\t\t\t\t\t\t\t\t<\/div>\n\t\t\t\t<\/div>\n\t\t\t\t\t<\/div>\n\t\t\t\t<\/div>\n\t\t<div class=\"elementor-element elementor-element-53715d3e e-flex e-con-boxed e-con e-parent\" data-id=\"53715d3e\" data-element_type=\"container\">\n\t\t\t\t\t<div class=\"e-con-inner\">\n\t\t<div class=\"elementor-element elementor-element-5fe7d72f e-con-full e-flex e-con e-child\" data-id=\"5fe7d72f\" data-element_type=\"container\">\n\t\t\t\t<div class=\"elementor-element elementor-element-17b43287 elementor-widget elementor-widget-image\" data-id=\"17b43287\" data-element_type=\"widget\" data-widget_type=\"image.default\">\n\t\t\t\t\t\t\t\t\t\t\t\t\t\t\t<img decoding=\"async\" src=\"https:\/\/wp.brondbyhavn.dk\/wp-content\/uploads\/2023\/10\/havn_oversigt2021-1.jpg\" title=\"\" alt=\"\" loading=\"lazy\" \/>\t\t\t\t\t\t\t\t\t\t\t\t\t\t\t<\/div>\n\t\t\t\t<\/div>\n\t\t<div class=\"elementor-element elementor-element-3af5c9e e-con-full e-flex e-con e-child\" data-id=\"3af5c9e\" data-element_type=\"container\">\n\t\t\t\t<div class=\"elementor-element elementor-element-1b13d5e6 elementor-widget elementor-widget-text-editor\" data-id=\"1b13d5e6\" data-element_type=\"widget\" data-widget_type=\"text-editor.default\">\n\t\t\t\t\t\t\t\t\t<h4>Betaling<\/h4><p>Umiddelbart efter ankomst skal b\u00e5den registrering og der betales g\u00e6steleje.<br \/>Ogs\u00e5 b\u00e5de som fra andre\u00a0 Frihavne, skal registreres.<\/p><p>Der kan\u00a0 betales :<\/p><p>&#8211; med Tallyweb<br \/>&#8211; p\u00e5 havnekontoret.<br \/>&#8211; mobilpay\u00a0<strong>33719<\/strong>, husk at skrive b\u00e5dnavn<br \/>&#8211; i Havkatten (grilbaren) uden for kontorets \u00e5bningstid<\/p><h4>Automat:<\/h4><p>til registrering og betaling.\u00a0<\/p><h4>Tallyweb<\/h4><div>\u00a0<\/div><div>\u00a0<\/div><p>P\u00e5 broerne er der gratis vand.\u00a0 Str\u00f8mmen betales sammen med g\u00e6stelejen p\u00e5 havnekontoret.\u00a0<br \/>Havnen har igennem de seneste \u00e5r gennemg\u00e5et store forbedringer til fordel for b\u00e5de fastliggere og g\u00e6stesejlere.\u00a0<\/p>\t\t\t\t\t\t\t\t<\/div>\n\t\t\t\t<\/div>\n\t\t\t\t\t<\/div>\n\t\t\t\t<\/div>\n\t\t<div class=\"elementor-element elementor-element-62f15b9b e-flex e-con-boxed e-con e-parent\" data-id=\"62f15b9b\" data-element_type=\"container\">\n\t\t\t\t\t<div class=\"e-con-inner\">\n\t\t<div class=\"elementor-element elementor-element-19132b55 e-con-full e-flex e-con e-child\" data-id=\"19132b55\" data-element_type=\"container\">\n\t\t\t\t<div class=\"elementor-element elementor-element-39b3c052 elementor-widget elementor-widget-text-editor\" data-id=\"39b3c052\" data-element_type=\"widget\" data-widget_type=\"text-editor.default\">\n\t\t\t\t\t\t\t\t\t<h4>Parkering<\/h4><p><span style=\"font-style: inherit; font-weight: inherit; text-align: var(--text-align); background-color: var(--ast-global-color-5); color: var(--ast-global-color-8);\">Der er gratis parkering i de afm\u00e6rkede parkerings omr\u00e5der.<\/span><\/p><h4>Autocampere<\/h4><p>Br\u00f8ndby havn byder ig\u00e6ster i Autocampere velkomme i dedt s\u00e6rlige omr\u00e5de for autocampere.<\/p><p>\u00a0<\/p><p>betaling &#8230;..<\/p><p>faciliteter fo autocampere&#8230;.<\/p><p>t\u00f8mning &#8230;.<\/p><p>ind- og udk\u00f8rsel<\/p><p>\u00a0<\/p><p>\u00a0<\/p><p>\u00a0<\/p><p>\u00a0<\/p><p>\u00a0<\/p>\t\t\t\t\t\t\t\t<\/div>\n\t\t\t\t<\/div>\n\t\t<div class=\"elementor-element elementor-element-5fe18422 e-con-full e-flex e-con e-child\" data-id=\"5fe18422\" data-element_type=\"container\">\n\t\t\t\t<div class=\"elementor-element elementor-element-42302380 elementor-widget elementor-widget-image\" data-id=\"42302380\" data-element_type=\"widget\" data-widget_type=\"image.default\">\n\t\t\t\t\t\t\t\t\t\t\t\t\t\t\t<img decoding=\"async\" src=\"https:\/\/wp.brondbyhavn.dk\/wp-content\/uploads\/2023\/11\/autocamper.jpg\" title=\"\" alt=\"\" loading=\"lazy\" \/>\t\t\t\t\t\t\t\t\t\t\t\t\t\t\t<\/div>\n\t\t\t\t<\/div>\n\t\t\t\t\t<\/div>\n\t\t\t\t<\/div>\n\t\t\t\t<\/div>\n\t\t","protected":false},"excerpt":{"rendered":"<p>G\u00e6ster Vanddybder Vanddybe op til ca. 3 meter.OBS. hold god afstand til stenmolerne. Tilsanding kan forekomme Fort\u00f8jring: Der kan fort\u00f8jres [&hellip;]<\/p>\n","protected":false},"author":2,"featured_media":0,"parent":0,"menu_order":0,"comment_status":"closed","ping_status":"closed","template":"","meta":{"site-sidebar-layout":"no-sidebar","site-content-layout":"","ast-site-content-layout":"full-width-container","site-content-style":"default","site-sidebar-style":"default","ast-global-header-display":"","ast-banner-title-visibility":"","ast-main-header-display":"","ast-hfb-above-header-display":"","ast-hfb-below-header-display":"","ast-hfb-mobile-header-display":"","site-post-title":"disabled","ast-breadcrumbs-content":"","ast-featured-img":"disabled","footer-sml-layout":"","ast-disable-related-posts":"","theme-transparent-header-meta":"","adv-header-id-meta":"","stick-header-meta":"","header-above-stick-meta":"","header-main-stick-meta":"","header-below-stick-meta":"","astra-migrate-meta-layouts":"default","ast-page-background-enabled":"default","ast-page-background-meta":{"desktop":{"background-color":"var(--ast-global-color-5)","background-image":"","background-repeat":"repeat","background-position":"center center","background-size":"auto","background-attachment":"scroll","background-type":"","background-media":"","overlay-type":"","overlay-color":"","overlay-opacity":"","overlay-gradient":""},"tablet":{"background-color":"","background-image":"","background-repeat":"repeat","background-position":"center center","background-size":"auto","background-attachment":"scroll","background-type":"","background-media":"","overlay-type":"","overlay-color":"","overlay-opacity":"","overlay-gradient":""},"mobile":{"background-color":"","background-image":"","background-repeat":"repeat","background-position":"center center","background-size":"auto","background-attachment":"scroll","background-type":"","background-media":"","overlay-type":"","overlay-color":"","overlay-opacity":"","overlay-gradient":""}},"ast-content-background-meta":{"desktop":{"background-color":"var(--ast-global-color-4)","background-image":"","background-repeat":"repeat","background-position":"center center","background-size":"auto","background-attachment":"scroll","background-type":"","background-media":"","overlay-type":"","overlay-color":"","overlay-opacity":"","overlay-gradient":""},"tablet":{"background-color":"var(--ast-global-color-4)","background-image":"","background-repeat":"repeat","background-position":"center center","background-size":"auto","background-attachment":"scroll","background-type":"","background-media":"","overlay-type":"","overlay-color":"","overlay-opacity":"","overlay-gradient":""},"mobile":{"background-color":"var(--ast-global-color-4)","background-image":"","background-repeat":"repeat","background-position":"center center","background-size":"auto","background-attachment":"scroll","background-type":"","background-media":"","overlay-type":"","overlay-color":"","overlay-opacity":"","overlay-gradient":""}},"footnotes":""},"class_list":["post-486","page","type-page","status-publish","hentry"],"_links":{"self":[{"href":"https:\/\/wp2.brondbyhavn.dk\/index.php?rest_route=\/wp\/v2\/pages\/486","targetHints":{"allow":["GET"]}}],"collection":[{"href":"https:\/\/wp2.brondbyhavn.dk\/index.php?rest_route=\/wp\/v2\/pages"}],"about":[{"href":"https:\/\/wp2.brondbyhavn.dk\/index.php?rest_route=\/wp\/v2\/types\/page"}],"author":[{"embeddable":true,"href":"https:\/\/wp2.brondbyhavn.dk\/index.php?rest_route=\/wp\/v2\/users\/2"}],"replies":[{"embeddable":true,"href":"https:\/\/wp2.brondbyhavn.dk\/index.php?rest_route=%2Fwp%2Fv2%2Fcomments&post=486"}],"version-history":[{"count":3,"href":"https:\/\/wp2.brondbyhavn.dk\/index.php?rest_route=\/wp\/v2\/pages\/486\/revisions"}],"predecessor-version":[{"id":927,"href":"https:\/\/wp2.brondbyhavn.dk\/index.php?rest_route=\/wp\/v2\/pages\/486\/revisions\/927"}],"wp:attachment":[{"href":"https:\/\/wp2.brondbyhavn.dk\/index.php?rest_route=%2Fwp%2Fv2%2Fmedia&parent=486"}],"curies":[{"name":"wp","href":"https:\/\/api.w.org\/{rel}","templated":true}]}}