{"id":725,"date":"2025-11-10T14:30:23","date_gmt":"2025-11-10T14:30:23","guid":{"rendered":"https:\/\/wp.brondbyhavn.dk\/?page_id=725"},"modified":"2026-03-07T15:01:05","modified_gmt":"2026-03-07T15:01:05","slug":"gaestesejlere","status":"publish","type":"page","link":"https:\/\/wp2.brondbyhavn.dk\/?page_id=725","title":{"rendered":"G\u00e6stesejlere"},"content":{"rendered":"\t\t<div data-elementor-type=\"wp-page\" data-elementor-id=\"725\" class=\"elementor elementor-725\">\n\t\t\t\t<div class=\"elementor-element elementor-element-f3d623b e-flex e-con-boxed e-con e-parent\" data-id=\"f3d623b\" data-element_type=\"container\">\n\t\t\t\t\t<div class=\"e-con-inner\">\n\t\t\t\t<div class=\"elementor-element elementor-element-799ba19 elementor-widget elementor-widget-heading\" data-id=\"799ba19\" data-element_type=\"widget\" data-widget_type=\"heading.default\">\n\t\t\t\t\t<h2 class=\"elementor-heading-title elementor-size-default\">G\u00e6stesejlere<\/h2>\t\t\t\t<\/div>\n\t\t\t\t\t<\/div>\n\t\t\t\t<\/div>\n\t\t<div class=\"elementor-element elementor-element-31a38c19 e-flex e-con-boxed e-con e-parent\" data-id=\"31a38c19\" data-element_type=\"container\">\n\t\t\t\t\t<div class=\"e-con-inner\">\n\t\t<div class=\"elementor-element elementor-element-3a5d7d4 e-con-full e-flex e-con e-child\" data-id=\"3a5d7d4\" data-element_type=\"container\">\n\t\t\t\t<div class=\"elementor-element elementor-element-1e73aac4 elementor-widget elementor-widget-image\" data-id=\"1e73aac4\" data-element_type=\"widget\" data-widget_type=\"image.default\">\n\t\t\t\t\t\t\t\t\t\t\t\t\t\t\t<img decoding=\"async\" src=\"https:\/\/wp.brondbyhavn.dk\/wp-content\/uploads\/2023\/10\/147_4725.jpg\" title=\"\" alt=\"\" loading=\"lazy\" \/>\t\t\t\t\t\t\t\t\t\t\t\t\t\t\t<\/div>\n\t\t\t\t<\/div>\n\t\t<div class=\"elementor-element elementor-element-6a6c333f e-con-full e-flex e-con e-child\" data-id=\"6a6c333f\" data-element_type=\"container\">\n\t\t\t\t<div class=\"elementor-element elementor-element-1106c5b2 elementor-widget elementor-widget-text-editor\" data-id=\"1106c5b2\" data-element_type=\"widget\" data-widget_type=\"text-editor.default\">\n\t\t\t\t\t\t\t\t\t<h4>Betaling<\/h4><p>Umiddelbart efter ankomst skal b\u00e5den registrering og der betales g\u00e6steleje.<br \/>Ogs\u00e5 b\u00e5de som fra andre\u00a0 Frihavne, skal registreres.<\/p><p>Der kan\u00a0 betales :<br \/>&#8211; p\u00e5 havnekontoret.<br \/>&#8211; mobilpay\u00a0<strong>33719<\/strong>, husk at skrive b\u00e5dnavn<br \/>&#8211; i Havkatten (grilbaren) uden for kontorets \u00e5bningstid<\/p><h4>Automat:<\/h4><p>til registrering og betaling.\u00a0 ???<\/p><h4>El og vand<\/h4><div>Ved elstanderne er der vejlenind ti registrering og betaling via Tallyweb for adgang til el.<\/div><div>\u00a0<\/div><p>P\u00e5 broerne er der gratis vand.\u00a0\u00a0<\/p>\t\t\t\t\t\t\t\t<\/div>\n\t\t\t\t<\/div>\n\t\t\t\t\t<\/div>\n\t\t\t\t<\/div>\n\t\t<div class=\"elementor-element elementor-element-440e5ddb e-flex e-con-boxed e-con e-parent\" data-id=\"440e5ddb\" data-element_type=\"container\">\n\t\t\t\t\t<div class=\"e-con-inner\">\n\t\t<div class=\"elementor-element elementor-element-273ebf6b e-con-full e-flex e-con e-child\" data-id=\"273ebf6b\" data-element_type=\"container\">\n\t\t\t\t<div class=\"elementor-element elementor-element-16347bc8 elementor-widget elementor-widget-image\" data-id=\"16347bc8\" data-element_type=\"widget\" data-widget_type=\"image.default\">\n\t\t\t\t\t\t\t\t\t\t\t\t\t\t\t<img decoding=\"async\" src=\"https:\/\/wp.brondbyhavn.dk\/wp-content\/uploads\/2023\/11\/dybdekort2_.jpg\" title=\"\" alt=\"\" loading=\"lazy\" \/>\t\t\t\t\t\t\t\t\t\t\t\t\t\t\t<\/div>\n\t\t\t\t<\/div>\n\t\t<div class=\"elementor-element elementor-element-366a8f81 e-con-full e-flex e-con e-child\" data-id=\"366a8f81\" data-element_type=\"container\">\n\t\t\t\t<div class=\"elementor-element elementor-element-3925a72e elementor-widget elementor-widget-text-editor\" data-id=\"3925a72e\" data-element_type=\"widget\" data-widget_type=\"text-editor.default\">\n\t\t\t\t\t\t\t\t\t<h4>Vanddybder<\/h4><p>Vanddybe op til ca. 3 meter.<br \/>OBS. hold god afstand til stenmolerne. Tilsanding kan forekomme<\/p><h4>Fort\u00f8jring:<\/h4><p>Der kan fort\u00f8jres overalt hvor gr\u00f8nt skilt indikerer ledig plads.<\/p><h4>Pris:<\/h4><p>G\u00e6stepladsleje: kr. 130 pr. d\u00f8gn. eller kr. 2300,- pr m\u00e5ned forudbetalt.<\/p><h4>Frihavn:<\/h4><p>Br\u00f8ndby Havn er frihavn.<br \/>G\u00e6ster fra andre Frihavne betaler kun forbrug,\u00a0<\/p>\t\t\t\t\t\t\t\t<\/div>\n\t\t\t\t<\/div>\n\t\t\t\t\t<\/div>\n\t\t\t\t<\/div>\n\t\t\t\t<\/div>\n\t\t","protected":false},"excerpt":{"rendered":"<p>G\u00e6stesejlere Betaling Umiddelbart efter ankomst skal b\u00e5den registrering og der betales g\u00e6steleje.Ogs\u00e5 b\u00e5de som fra andre\u00a0 Frihavne, skal registreres. Der [&hellip;]<\/p>\n","protected":false},"author":2,"featured_media":0,"parent":0,"menu_order":0,"comment_status":"closed","ping_status":"closed","template":"","meta":{"site-sidebar-layout":"no-sidebar","site-content-layout":"","ast-site-content-layout":"full-width-container","site-content-style":"default","site-sidebar-style":"default","ast-global-header-display":"","ast-banner-title-visibility":"","ast-main-header-display":"","ast-hfb-above-header-display":"","ast-hfb-below-header-display":"","ast-hfb-mobile-header-display":"","site-post-title":"","ast-breadcrumbs-content":"","ast-featured-img":"disabled","footer-sml-layout":"","ast-disable-related-posts":"","theme-transparent-header-meta":"","adv-header-id-meta":"","stick-header-meta":"","header-above-stick-meta":"","header-main-stick-meta":"","header-below-stick-meta":"","astra-migrate-meta-layouts":"default","ast-page-background-enabled":"default","ast-page-background-meta":{"desktop":{"background-color":"var(--ast-global-color-5)","background-image":"","background-repeat":"repeat","background-position":"center center","background-size":"auto","background-attachment":"scroll","background-type":"","background-media":"","overlay-type":"","overlay-color":"","overlay-opacity":"","overlay-gradient":""},"tablet":{"background-color":"","background-image":"","background-repeat":"repeat","background-position":"center center","background-size":"auto","background-attachment":"scroll","background-type":"","background-media":"","overlay-type":"","overlay-color":"","overlay-opacity":"","overlay-gradient":""},"mobile":{"background-color":"","background-image":"","background-repeat":"repeat","background-position":"center center","background-size":"auto","background-attachment":"scroll","background-type":"","background-media":"","overlay-type":"","overlay-color":"","overlay-opacity":"","overlay-gradient":""}},"ast-content-background-meta":{"desktop":{"background-color":"var(--ast-global-color-4)","background-image":"","background-repeat":"repeat","background-position":"center center","background-size":"auto","background-attachment":"scroll","background-type":"","background-media":"","overlay-type":"","overlay-color":"","overlay-opacity":"","overlay-gradient":""},"tablet":{"background-color":"var(--ast-global-color-4)","background-image":"","background-repeat":"repeat","background-position":"center center","background-size":"auto","background-attachment":"scroll","background-type":"","background-media":"","overlay-type":"","overlay-color":"","overlay-opacity":"","overlay-gradient":""},"mobile":{"background-color":"var(--ast-global-color-4)","background-image":"","background-repeat":"repeat","background-position":"center center","background-size":"auto","background-attachment":"scroll","background-type":"","background-media":"","overlay-type":"","overlay-color":"","overlay-opacity":"","overlay-gradient":""}},"footnotes":""},"class_list":["post-725","page","type-page","status-publish","hentry"],"_links":{"self":[{"href":"https:\/\/wp2.brondbyhavn.dk\/index.php?rest_route=\/wp\/v2\/pages\/725","targetHints":{"allow":["GET"]}}],"collection":[{"href":"https:\/\/wp2.brondbyhavn.dk\/index.php?rest_route=\/wp\/v2\/pages"}],"about":[{"href":"https:\/\/wp2.brondbyhavn.dk\/index.php?rest_route=\/wp\/v2\/types\/page"}],"author":[{"embeddable":true,"href":"https:\/\/wp2.brondbyhavn.dk\/index.php?rest_route=\/wp\/v2\/users\/2"}],"replies":[{"embeddable":true,"href":"https:\/\/wp2.brondbyhavn.dk\/index.php?rest_route=%2Fwp%2Fv2%2Fcomments&post=725"}],"version-history":[{"count":9,"href":"https:\/\/wp2.brondbyhavn.dk\/index.php?rest_route=\/wp\/v2\/pages\/725\/revisions"}],"predecessor-version":[{"id":949,"href":"https:\/\/wp2.brondbyhavn.dk\/index.php?rest_route=\/wp\/v2\/pages\/725\/revisions\/949"}],"wp:attachment":[{"href":"https:\/\/wp2.brondbyhavn.dk\/index.php?rest_route=%2Fwp%2Fv2%2Fmedia&parent=725"}],"curies":[{"name":"wp","href":"https:\/\/api.w.org\/{rel}","templated":true}]}}