{"id":902,"date":"2026-01-03T14:49:14","date_gmt":"2026-01-03T14:49:14","guid":{"rendered":"https:\/\/wp2.brondbyhavn.dk\/?page_id=902"},"modified":"2026-01-03T14:55:45","modified_gmt":"2026-01-03T14:55:45","slug":"meddelelser-som-tekst","status":"publish","type":"page","link":"https:\/\/wp2.brondbyhavn.dk\/?page_id=902","title":{"rendered":"Meddelelser som tekst"},"content":{"rendered":"\n<h2 class=\"wp-block-heading has-text-align-center has-ast-global-color-5-background-color has-background\">Meddelelser som tekst<\/h2>\n\n\n\n<div class=\"wp-block-columns is-layout-flex wp-container-core-columns-is-layout-28f84493 wp-block-columns-is-layout-flex\">\n<div class=\"wp-block-column has-border-color has-ast-global-color-1-border-color is-layout-flow wp-block-column-is-layout-flow\" style=\"border-width:2px\">\n<h2 class=\"wp-block-heading\">Kontoret meddeler<\/h2>\n\n\n\n<p>Her er en masse tekset fra Kntoret.<\/p>\n\n\n\n<p>Alt er skreve p\u00e5 enalm side . Siden er statisk og teksten helt fr. Jeg kan bare skrive  der udaf<\/p>\n\n\n\n<h4 class=\"wp-block-heading\"><strong>HAVNEKONTORET HOLDER JULEFERIE<\/strong><\/h4>\n\n\n\n<p>D. 22.12.25 TIL 04.01.26 (inkl. begge dage)<\/p>\n\n\n\n<h4 class=\"wp-block-heading\">Kopntoret har reduceret \u00e5bningstider: 01.12.25-31.03.26:<\/h4>\n\n\n\n<p><strong>Mandag&nbsp;&nbsp;&nbsp; 13.00 \u2013 19.00<br><\/strong>Tirsdag&nbsp;&nbsp;&nbsp;&nbsp;&nbsp; Lukket<strong><br><\/strong><strong>Onsdag&nbsp;&nbsp;&nbsp;&nbsp; 09.00 \u2013 13.00<br><\/strong>Torsdag&nbsp;&nbsp;&nbsp; Lukket<br>Fredag&nbsp;&nbsp;&nbsp;&nbsp;&nbsp; Lukket<strong><br><\/strong>L\u00f8rdag&nbsp;&nbsp;&nbsp;&nbsp; &nbsp;Lukket<br>S\u00f8ndag&nbsp;&nbsp; &nbsp;&nbsp;Lukket<\/p>\n\n\n\n<p>Send gerne mail uden for \u00e5bningstiderne<\/p>\n\n\n\n<p><a href=\"https:\/\/brondbyhavn.dk\/images\/PDF\/TallyKey\/Velkommen_til_tallyweb_i_Broendby_Havn.pdf\" target=\"_blank\" rel=\"noreferrer noopener\">Velkommen til Tallyweb i Br\u00f8ndby Havn<\/a><\/p>\n\n\n\n<h3 class=\"wp-block-heading\">Havm\u00e5gens Gyldne regler<\/h3>\n\n\n\n<p>Vil du gerne l\u00e5ne Havm\u00e5gen<br>S\u00e5 husk de&nbsp;&nbsp;<a href=\"https:\/\/brondbyhavn.dk\/images\/skrivelser\/Havm%C3%A5gens_gyldne_regler.pdf\" target=\"_blank\" rel=\"noreferrer noopener\">Gyldne regler&nbsp;<\/a><\/p>\n<\/div>\n\n\n\n<div class=\"wp-block-column has-border-color has-ast-global-color-1-border-color is-layout-flow wp-block-column-is-layout-flow\" style=\"border-width:2px\">\n<h2 class=\"wp-block-heading\">Bestyrelsen meddeler<\/h2>\n\n\n\n<h3 class=\"wp-block-heading\">Bestyrelsesm\u00f8de<\/h3>\n\n\n\n<p>Referat fra bestyrelsesm\u00f8de&nbsp;den&nbsp;<a href=\"https:\/\/brondbyhavn.dk\/images\/25.10.13_Godkendt_Havnereferat.pdf\" target=\"_blank\" rel=\"noreferrer noopener\">13.10.2025<\/a>&nbsp;<\/p>\n\n\n\n<h3 class=\"wp-block-heading\">Generalforsamling 2025 afholdes&nbsp; &nbsp;9. april<\/h3>\n\n\n\n<p><a href=\"https:\/\/brondbyhavn.dk\/images\/PDF\/Referater\/Generalforsamling\/GF_2025\/Godkendt_referat_generalforsamling_d._9._april_2025_Br%C3%B8ndby_Havn_underskrevet.pdf\" target=\"_blank\" rel=\"noreferrer noopener\">Referat fra generalforsamling 9. april 2025<br><\/a><a href=\"https:\/\/brondbyhavn.dk\/images\/PDF\/Referater\/Generalforsamling\/GF_2024\/Forslag_havnetakster_og_budget_for_2025w.pdf\"><\/a><\/p>\n\n\n\n<p><a href=\"https:\/\/brondbyhavn.dk\/images\/PDF\/Referater\/Generalforsamling\/GF_2025\/%C3%85rsrapport_2024_komprimeret.pdf\" target=\"_blank\" rel=\"noreferrer noopener\">\u00c5rsraport 2024<\/a><br><a href=\"https:\/\/brondbyhavn.dk\/images\/PDF\/Referater\/Generalforsamling\/GF_2025\/Forslag_til_havnetakster_og_budget_for_2026_komprimeret.pdf\" target=\"_blank\" rel=\"noreferrer noopener\">Forslag til havnetakster og budget for 2026<\/a><\/p>\n\n\n\n<p>Filerne &#8220;\u00c5rsrapport 2024&#8221; og &#8220;Forslag til havnetakster og budget for 2026&#8221; er udsendt p\u00e5 mail<\/p>\n\n\n\n<h3 class=\"wp-block-heading\">Klage over ulovlig beboelse<\/h3>\n\n\n\n<p>Br\u00f8ndby kommune har modtaget en klage over ulovlig beboelse i Br\u00f8ndby Havn.<br>Br\u00f8ndby kommune har forlangt en udtalelse fra bestyrelsen og et m\u00f8de om b.la. den ulovlige beboelse.<br>Vi har vedh\u00e6ftet klagen tilsendt Br\u00f8ndby kommune og indsk\u00e6rper at det ikke er tilladt at bo i sin b\u00e5d uden gyldig beboertilladelse<\/p>\n\n\n\n<p><a href=\"https:\/\/brondbyhavn.dk\/images\/PDF\/Referater\/bestyrelsesmoeder\/y2k19\/Klage_over_havnebrugere_som_benytter_deres_b%C3%A5d_som_hel%C3%A5rsbeboelse.pdf\" target=\"_blank\" rel=\"noreferrer noopener\">Klage til Br\u00f8ndby kommune<\/a><\/p>\n<\/div>\n<\/div>\n","protected":false},"excerpt":{"rendered":"<p>Meddelelser som tekst Kontoret meddeler Her er en masse tekset fra Kntoret. Alt er skreve p\u00e5 enalm side . Siden [&hellip;]<\/p>\n","protected":false},"author":2,"featured_media":0,"parent":0,"menu_order":0,"comment_status":"closed","ping_status":"closed","template":"","meta":{"site-sidebar-layout":"default","site-content-layout":"","ast-site-content-layout":"default","site-content-style":"default","site-sidebar-style":"default","ast-global-header-display":"","ast-banner-title-visibility":"","ast-main-header-display":"","ast-hfb-above-header-display":"","ast-hfb-below-header-display":"","ast-hfb-mobile-header-display":"","site-post-title":"disabled","ast-breadcrumbs-content":"","ast-featured-img":"","footer-sml-layout":"","ast-disable-related-posts":"","theme-transparent-header-meta":"","adv-header-id-meta":"","stick-header-meta":"","header-above-stick-meta":"","header-main-stick-meta":"","header-below-stick-meta":"","astra-migrate-meta-layouts":"default","ast-page-background-enabled":"default","ast-page-background-meta":{"desktop":{"background-color":"var(--ast-global-color-5)","background-image":"","background-repeat":"repeat","background-position":"center center","background-size":"auto","background-attachment":"scroll","background-type":"","background-media":"","overlay-type":"","overlay-color":"","overlay-opacity":"","overlay-gradient":""},"tablet":{"background-color":"","background-image":"","background-repeat":"repeat","background-position":"center center","background-size":"auto","background-attachment":"scroll","background-type":"","background-media":"","overlay-type":"","overlay-color":"","overlay-opacity":"","overlay-gradient":""},"mobile":{"background-color":"","background-image":"","background-repeat":"repeat","background-position":"center center","background-size":"auto","background-attachment":"scroll","background-type":"","background-media":"","overlay-type":"","overlay-color":"","overlay-opacity":"","overlay-gradient":""}},"ast-content-background-meta":{"desktop":{"background-color":"var(--ast-global-color-4)","background-image":"","background-repeat":"repeat","background-position":"center center","background-size":"auto","background-attachment":"scroll","background-type":"","background-media":"","overlay-type":"","overlay-color":"","overlay-opacity":"","overlay-gradient":""},"tablet":{"background-color":"var(--ast-global-color-4)","background-image":"","background-repeat":"repeat","background-position":"center center","background-size":"auto","background-attachment":"scroll","background-type":"","background-media":"","overlay-type":"","overlay-color":"","overlay-opacity":"","overlay-gradient":""},"mobile":{"background-color":"var(--ast-global-color-4)","background-image":"","background-repeat":"repeat","background-position":"center center","background-size":"auto","background-attachment":"scroll","background-type":"","background-media":"","overlay-type":"","overlay-color":"","overlay-opacity":"","overlay-gradient":""}},"footnotes":""},"class_list":["post-902","page","type-page","status-publish","hentry"],"_links":{"self":[{"href":"https:\/\/wp2.brondbyhavn.dk\/index.php?rest_route=\/wp\/v2\/pages\/902","targetHints":{"allow":["GET"]}}],"collection":[{"href":"https:\/\/wp2.brondbyhavn.dk\/index.php?rest_route=\/wp\/v2\/pages"}],"about":[{"href":"https:\/\/wp2.brondbyhavn.dk\/index.php?rest_route=\/wp\/v2\/types\/page"}],"author":[{"embeddable":true,"href":"https:\/\/wp2.brondbyhavn.dk\/index.php?rest_route=\/wp\/v2\/users\/2"}],"replies":[{"embeddable":true,"href":"https:\/\/wp2.brondbyhavn.dk\/index.php?rest_route=%2Fwp%2Fv2%2Fcomments&post=902"}],"version-history":[{"count":2,"href":"https:\/\/wp2.brondbyhavn.dk\/index.php?rest_route=\/wp\/v2\/pages\/902\/revisions"}],"predecessor-version":[{"id":906,"href":"https:\/\/wp2.brondbyhavn.dk\/index.php?rest_route=\/wp\/v2\/pages\/902\/revisions\/906"}],"wp:attachment":[{"href":"https:\/\/wp2.brondbyhavn.dk\/index.php?rest_route=%2Fwp%2Fv2%2Fmedia&parent=902"}],"curies":[{"name":"wp","href":"https:\/\/api.w.org\/{rel}","templated":true}]}}